{"id":24,"date":"2021-08-03T13:10:12","date_gmt":"2021-08-03T13:10:12","guid":{"rendered":"https:\/\/www.cssigniter.com\/demos\/korina\/?page_id=24"},"modified":"2024-04-26T11:14:13","modified_gmt":"2024-04-26T11:14:13","slug":"enjoy-your-special-day","status":"publish","type":"page","link":"https:\/\/morzineweddings.com\/fr\/enjoy-your-special-day\/","title":{"rendered":"Profiter de votre journ\u00e9e sp\u00e9ciale!"},"content":{"rendered":"<div class=\"wp-block-media-text is-style-ignition-korina-animated-images\"><figure class=\"wp-block-media-text__media\"><img loading=\"lazy\" decoding=\"async\" width=\"1024\" height=\"683\" src=\"http:\/\/weddingsdulac.origami-media.com\/wp-content\/uploads\/2023\/12\/summer-hotel-deals-morzine-1024x683.jpg\" alt=\"\" class=\"wp-image-121 size-full\" srcset=\"https:\/\/morzineweddings.com\/wp-content\/uploads\/2023\/12\/summer-hotel-deals-morzine-1024x683.jpg 1024w, https:\/\/morzineweddings.com\/wp-content\/uploads\/2023\/12\/summer-hotel-deals-morzine-300x200.jpg 300w, https:\/\/morzineweddings.com\/wp-content\/uploads\/2023\/12\/summer-hotel-deals-morzine-768x512.jpg 768w, https:\/\/morzineweddings.com\/wp-content\/uploads\/2023\/12\/summer-hotel-deals-morzine-1536x1024.jpg 1536w, https:\/\/morzineweddings.com\/wp-content\/uploads\/2023\/12\/summer-hotel-deals-morzine-960x640.jpg 960w, https:\/\/morzineweddings.com\/wp-content\/uploads\/2023\/12\/summer-hotel-deals-morzine-615x410.jpg 615w, https:\/\/morzineweddings.com\/wp-content\/uploads\/2023\/12\/summer-hotel-deals-morzine-1170x780.jpg 1170w, https:\/\/morzineweddings.com\/wp-content\/uploads\/2023\/12\/summer-hotel-deals-morzine.jpg 1900w\" sizes=\"auto, (max-width: 1024px) 100vw, 1024px\" \/><\/figure><div class=\"wp-block-media-text__content\">\n<h3 class=\"wp-block-heading theme-animated-title\">Comment \u00e7a fonctionne\u2026<\/h3>\n\n\n\n<p>Tous nos mariages \u00e0 l'H\u00f4tel du Lac ont lieu un <strong>base d'usage exclusif<\/strong>. Cela signifie que toute votre f\u00eate de mariage a un usage priv\u00e9 de l\u2019ensemble de notre h\u00f4tel \u2013 <strong>comprenant les 20 chambres<\/strong> - pour un <strong>minimum deux nuits<\/strong> lors de votre \u00e9v\u00e9nement sp\u00e9cial. <\/p>\n\n\n\n<p><em>*Si vous \u00eates un petit groupe souhaitant c\u00e9l\u00e9brer avant ou apr\u00e8s le mariage et que vous souhaitez r\u00e9server une table dans notre restaurant, vous pouvez <a href=\"mailto:info@lacdemontriond.com\" data-type=\"mailto\" data-id=\"mailto:info@lacdemontriond.com\">contactez notre \u00e9quipe h\u00f4teli\u00e8re<\/a> et ils se feront un plaisir de vous aider \u00e0 r\u00e9server une table.<\/em><\/p>\n<\/div><\/div>\n\n\n\n<div class=\"wp-block-media-text alignwide is-style-ignition-korina-animated-images\"><figure class=\"wp-block-media-text__media\"><img loading=\"lazy\" decoding=\"async\" width=\"1024\" height=\"683\" src=\"http:\/\/weddingsdulac.origami-media.com\/wp-content\/uploads\/2024\/01\/Premium-room-2-with-windows-1024x683.jpg\" alt=\"\" class=\"wp-image-154 size-full\" srcset=\"https:\/\/morzineweddings.com\/wp-content\/uploads\/2024\/01\/Premium-room-2-with-windows-1024x683.jpg 1024w, https:\/\/morzineweddings.com\/wp-content\/uploads\/2024\/01\/Premium-room-2-with-windows-300x200.jpg 300w, https:\/\/morzineweddings.com\/wp-content\/uploads\/2024\/01\/Premium-room-2-with-windows-768x512.jpg 768w, https:\/\/morzineweddings.com\/wp-content\/uploads\/2024\/01\/Premium-room-2-with-windows-1536x1024.jpg 1536w, https:\/\/morzineweddings.com\/wp-content\/uploads\/2024\/01\/Premium-room-2-with-windows-960x640.jpg 960w, https:\/\/morzineweddings.com\/wp-content\/uploads\/2024\/01\/Premium-room-2-with-windows-615x410.jpg 615w, https:\/\/morzineweddings.com\/wp-content\/uploads\/2024\/01\/Premium-room-2-with-windows-1170x780.jpg 1170w, https:\/\/morzineweddings.com\/wp-content\/uploads\/2024\/01\/Premium-room-2-with-windows.jpg 2048w\" sizes=\"auto, (max-width: 1024px) 100vw, 1024px\" \/><\/figure><div class=\"wp-block-media-text__content\">\n<h3 class=\"wp-block-heading theme-animated-title\">Les chambres \u00e0 coucher<\/h3>\n\n\n\n<p>Parmi nos 20 chambres en suite, nous pouvons <strong>accueillir jusqu'\u00e0 47 personnes<\/strong>, avec la possibilit\u00e9 d'ajouter des lits b\u00e9b\u00e9 pour enfants dans certaines de nos chambres. Voici comment fonctionnent les formations de chambres\u2026<\/p>\n\n\n\n<p>\u2013 5 x chambres twin\/doubles standards<br>\u2013 1 x chambre double standard<br>\u2013 9 x chambres twin\/doubles premium<br>\u2013 1 x chambre double premium<br>\u2013 2 x chambres triples<br>\u2013 1 x chambre mezzanine familiale pouvant accueillir 4 personnes<br>\u2013 1 x chambre mezzanine familiale pouvant accueillir 4\/5 personnes <em>(fait \u00e9galement une excellente suite voyage de nocesl\u00a0!)<\/em><\/p>\n<\/div><\/div>\n\n\n\n<div class=\"wp-block-gutenbee-spacer block-41ffba-f9af-47 gutenbee-hidden-mobile\" aria-hidden=\"true\"><style>.wp-block-gutenbee-spacer.block-41ffba-f9af-47 { height: 70px; }\n\n\n      @media (max-width: 991px) {\n        .wp-block-gutenbee-spacer.block-41ffba-f9af-47 { height: 50px; }\n      }\n    \n\n      @media (max-width: 575px) {\n        .wp-block-gutenbee-spacer.block-41ffba-f9af-47 { height: 30px; }\n      }<\/style><div class=\"wp-block-gutenbee-spacer-background\" data-parallax-speed=\"0.3\"><\/div><\/div>\n\n\n\n<blockquote class=\"wp-block-quote is-style-large is-layout-flow wp-block-quote-is-layout-flow\">\n<p>Au d\u00e9but, nous \u00e9tions nerveux \u00e0 l'id\u00e9e d'organiser un mariage \u00e0 l'\u00e9tranger, mais avoir Lily sur place pour tout coordonner pour nous \u00e9tait parfait. Nous n\u2019aurions pas pu le faire sans elle !<\/p>\n<cite>Rite &amp; Mike \u2013 Aout 2023.<\/cite><\/blockquote>\n\n\n\n<div class=\"wp-block-gutenbee-spacer block-727b49-0645-44 gutenbee-hidden-mobile\" aria-hidden=\"true\"><style>.wp-block-gutenbee-spacer.block-727b49-0645-44 { height: 70px; }\n\n\n      @media (max-width: 991px) {\n        .wp-block-gutenbee-spacer.block-727b49-0645-44 { height: 50px; }\n      }\n    \n\n      @media (max-width: 575px) {\n        .wp-block-gutenbee-spacer.block-727b49-0645-44 { height: 30px; }\n      }<\/style><div class=\"wp-block-gutenbee-spacer-background\" data-parallax-speed=\"0.3\"><\/div><\/div>\n\n\n\n<div class=\"wp-block-media-text is-style-ignition-korina-animated-images\"><figure class=\"wp-block-media-text__media\"><img loading=\"lazy\" decoding=\"async\" width=\"1024\" height=\"683\" src=\"http:\/\/weddingsdulac.origami-media.com\/wp-content\/uploads\/2024\/01\/Copy-of-_DSC30191-1024x683.jpg\" alt=\"\" class=\"wp-image-212 size-full\" srcset=\"https:\/\/morzineweddings.com\/wp-content\/uploads\/2024\/01\/Copy-of-_DSC30191-1024x683.jpg 1024w, https:\/\/morzineweddings.com\/wp-content\/uploads\/2024\/01\/Copy-of-_DSC30191-300x200.jpg 300w, https:\/\/morzineweddings.com\/wp-content\/uploads\/2024\/01\/Copy-of-_DSC30191-768x512.jpg 768w, https:\/\/morzineweddings.com\/wp-content\/uploads\/2024\/01\/Copy-of-_DSC30191-1536x1024.jpg 1536w, https:\/\/morzineweddings.com\/wp-content\/uploads\/2024\/01\/Copy-of-_DSC30191-2048x1365.jpg 2048w, https:\/\/morzineweddings.com\/wp-content\/uploads\/2024\/01\/Copy-of-_DSC30191-960x640.jpg 960w, https:\/\/morzineweddings.com\/wp-content\/uploads\/2024\/01\/Copy-of-_DSC30191-615x410.jpg 615w, https:\/\/morzineweddings.com\/wp-content\/uploads\/2024\/01\/Copy-of-_DSC30191-1170x780.jpg 1170w\" sizes=\"auto, (max-width: 1024px) 100vw, 1024px\" \/><\/figure><div class=\"wp-block-media-text__content\">\n<h3 class=\"wp-block-heading theme-animated-title\">Le bar<\/h3>\n\n\n\n<p>Vous b\u00e9n\u00e9ficierez de l'usage exclusif du bar de notre h\u00f4tel qui restera ouvert tout au long de votre journ\u00e9e de mariage et jusqu'\u00e0 1h30. <\/p>\n\n\n\n<p>Le bar est un endroit id\u00e9al pour que vos invit\u00e9s se r\u00e9unissent avant votre c\u00e9r\u00e9monie de mariage ; pourquoi ne pas leur offrir un d\u00e9licieux cocktail de bienvenue avant le d\u00e9but des d\u00e9bats ?<\/p>\n\n\n\n<p>Si vous avez un vin ou un champagne sp\u00e9cial que vous aimeriez pr\u00e9senter lors des c\u00e9l\u00e9brations du jour de votre mariage, vous pouvez l'apporter avec vous. <em>(des frais de bouchon s'appliqueront)<\/em>.<\/p>\n<\/div><\/div>\n\n\n\n<div class=\"wp-block-media-text is-style-ignition-korina-animated-images\"><figure class=\"wp-block-media-text__media\"><img loading=\"lazy\" decoding=\"async\" width=\"3024\" height=\"4032\" src=\"http:\/\/morzineweddings.com\/wp-content\/uploads\/2024\/04\/Pic-of-Lily.jpg\" alt=\"\" class=\"wp-image-314 size-full\"\/><\/figure><div class=\"wp-block-media-text__content\">\n<h3 class=\"wp-block-heading theme-animated-title\">Sur moi<\/h3>\n\n\n\n<p>Je m'appelle Lily, l'organisatrice de mariages et d'\u00e9v\u00e9nements \u00e0 l'H\u00f4tel du lac. Cela fait maintenant 8 ans que je vis dans les Alpes fran\u00e7aises et je vis \u00e0 Morzine depuis 2,5 ans.\u00a0<\/p>\n\n\n\n<p>Pendant les saisons d\u2019hiver, vous me trouverez sur les pistes en train de skier un peu. Mais l\u2019\u00e9t\u00e9 prochain, je serai avec mon copain \u00e0 quatre pattes \u00ab Opie \u00bb pour parcourir les sentiers et me baigner dans le lac.&nbsp;&nbsp;<\/p>\n\n\n\n<p>Je ne m\u2019int\u00e9resse pas seulement aux aventures en plein air. J\u2019ai aussi un faible pour la planification d\u2019\u00e9v\u00e9nements. J'aime travailler avec diff\u00e9rents couples pour rendre leur grand jour encore plus sp\u00e9cial. Voir tout cela se r\u00e9aliser est tr\u00e8s gratifiant et agr\u00e9able \u00e0 voir.&nbsp;<\/p>\n\n\n\n<p>Ainsi, que je sois en montagne, que j\u2019explore de nouveaux sentiers ou que je r\u00e9alise la magie d\u2019un mariage, la vie dans les Alpes fran\u00e7aises est pour moi l\u2019endroit id\u00e9al.&nbsp;<\/p>\n<\/div><\/div>","protected":false},"excerpt":{"rendered":"<p>Nous nous occuperons de tout pour que vous puissiez<\/p>","protected":false},"author":1,"featured_media":0,"parent":0,"menu_order":0,"comment_status":"closed","ping_status":"closed","template":"templates\/template-fullwidth-boxed.php","meta":{"footnotes":""},"class_list":["post-24","page","type-page","status-publish","hentry"],"_links":{"self":[{"href":"https:\/\/morzineweddings.com\/fr\/wp-json\/wp\/v2\/pages\/24","targetHints":{"allow":["GET"]}}],"collection":[{"href":"https:\/\/morzineweddings.com\/fr\/wp-json\/wp\/v2\/pages"}],"about":[{"href":"https:\/\/morzineweddings.com\/fr\/wp-json\/wp\/v2\/types\/page"}],"author":[{"embeddable":true,"href":"https:\/\/morzineweddings.com\/fr\/wp-json\/wp\/v2\/users\/1"}],"replies":[{"embeddable":true,"href":"https:\/\/morzineweddings.com\/fr\/wp-json\/wp\/v2\/comments?post=24"}],"version-history":[{"count":12,"href":"https:\/\/morzineweddings.com\/fr\/wp-json\/wp\/v2\/pages\/24\/revisions"}],"predecessor-version":[{"id":316,"href":"https:\/\/morzineweddings.com\/fr\/wp-json\/wp\/v2\/pages\/24\/revisions\/316"}],"wp:attachment":[{"href":"https:\/\/morzineweddings.com\/fr\/wp-json\/wp\/v2\/media?parent=24"}],"curies":[{"name":"wp","href":"https:\/\/api.w.org\/{rel}","templated":true}]}}