{"id":233,"date":"2024-01-22T14:10:46","date_gmt":"2024-01-22T14:10:46","guid":{"rendered":"https:\/\/weddingsdulac.origami-media.com\/?page_id=233"},"modified":"2024-01-29T08:47:01","modified_gmt":"2024-01-29T08:47:01","slug":"faqs","status":"publish","type":"page","link":"https:\/\/morzineweddings.com\/fr\/faqs\/","title":{"rendered":"FAQs"},"content":{"rendered":"<p><\/p>\n\n\n\n<h4 class=\"wp-block-heading\">Nous comprenons que vous aurez probablement beaucoup de questions sur la fa\u00e7on dont nous planifions et organisons des mariages ici \u00e0 l'H\u00f4tel du Lac. Nous avons donc compil\u00e9 une liste de vos questions fr\u00e9quemment pos\u00e9es.<\/h4>\n\n\n\n<p><\/p>\n\n\n\n<style>#sp-ea-232 .spcollapsing { height: 0; overflow: hidden; transition-property: height;transition-duration: 300ms;}#sp-ea-232.sp-easy-accordion>.sp-ea-single {margin-bottom: 10px; border: 1px solid #e2e2e2; }#sp-ea-232.sp-easy-accordion>.sp-ea-single>.ea-header a {color: #444;}#sp-ea-232.sp-easy-accordion>.sp-ea-single>.sp-collapse>.ea-body {background: #fff; color: #444;}#sp-ea-232.sp-easy-accordion>.sp-ea-single {background: #eee;}#sp-ea-232.sp-easy-accordion>.sp-ea-single>.ea-header a .ea-expand-icon { float: left; color: #444;font-size: 16px;}<\/style><div id=\"sp_easy_accordion-1705932554\"><div id=\"sp-ea-232\" class=\"sp-ea-one sp-easy-accordion\" data-ex-icon=\"minus\" data-col-icon=\"plus\"  data-ea-active=\"ea-click\"  data-ea-mode=\"vertical\" data-preloader=\"\" data-scroll-active-item=\"\" data-offset-to-scroll=\"0\"><div class=\"ea-card ea-expand sp-ea-single\"><h3 class=\"ea-header\"><a class=\"collapsed\" id=\"ea-header-2320\" data-sptoggle=\"spcollapse\" data-sptarget=\"#collapse2320\" aria-controls=\"collapse2320\" href=\"javascript:void(0)\"  aria-expanded=\"true\" tabindex=\"0\"><i class=\"ea-expand-icon ea-icon-expand-minus\"><\/i> O\u00f9 se trouve le lieu exactement ?<\/a><\/h3><div class=\"sp-collapse spcollapse collapsed show\" id=\"collapse2320\" data-parent=\"#sp-ea-232\" role=\"region\" aria-labelledby=\"ea-header-2320\"><div class=\"ea-body\"><p><a href=\"https:\/\/lacdemontriond.com\">H\u00f4tel du Lac<\/a> se trouve au bord du magnifique lac de Montriond, voici notre position exacte sur <a href=\"https:\/\/maps.app.goo.gl\/3X4Ta9ZAq4ssqiWA9\">Google Maps.<\/a> Nous sommes au bord de la route \u00e0 l'approche du lac avec de nombreux parkings gratuits autour du site. Le lac de Montriond se situe \u00e0 mi-chemin entre Morzine et Avoriaz, en Haute Savoie, en France.<\/p>\n<\/div><\/div><\/div><div class=\"ea-card  sp-ea-single\"><h3 class=\"ea-header\"><a class=\"collapsed\" id=\"ea-header-2321\" data-sptoggle=\"spcollapse\" data-sptarget=\"#collapse2321\" aria-controls=\"collapse2321\" href=\"javascript:void(0)\"  aria-expanded=\"false\" tabindex=\"0\"><i class=\"ea-expand-icon ea-icon-expand-plus\"><\/i> Quelle taille de mariage faites-vous ?<\/a><\/h3><div class=\"sp-collapse spcollapse\" id=\"collapse2321\" data-parent=\"#sp-ea-232\" role=\"region\" aria-labelledby=\"ea-header-2321\"><div class=\"ea-body\"><p>Nous organisons des mariages pour des groupes allant de 50 \u00e0 65 personnes, mais nous pouvons \u00e9galement assister \u00e0 des rassemblements plus petits et plus intimes. Notre capacit\u00e9 est limit\u00e9e \u00e0 65 personnes au cas o\u00f9 il y aurait des intemp\u00e9ries lors de votre grand jour ; nous pourrons toujours accueillir confortablement jusqu'\u00e0 65 personnes \u00e0 l'int\u00e9rieur de notre restaurant.<\/p>\n<\/div><\/div><\/div><div class=\"ea-card  sp-ea-single\"><h3 class=\"ea-header\"><a class=\"collapsed\" id=\"ea-header-2322\" data-sptoggle=\"spcollapse\" data-sptarget=\"#collapse2322\" aria-controls=\"collapse2322\" href=\"javascript:void(0)\"  aria-expanded=\"false\" tabindex=\"0\"><i class=\"ea-expand-icon ea-icon-expand-plus\"><\/i> Le service d'organisation de mariage est-il inclus ?<\/a><\/h3><div class=\"sp-collapse spcollapse\" id=\"collapse2322\" data-parent=\"#sp-ea-232\" role=\"region\" aria-labelledby=\"ea-header-2322\"><div class=\"ea-body\"><p>En raison de la logistique vari\u00e9e - et souvent compliqu\u00e9e - impliqu\u00e9e dans l'organisation d'un mariage sur les rives du Lac de Montriond, il est indispensable que vous fassiez appel aux services d'organisation de notre responsable d'\u00e9v\u00e9nements Lily. Les frais de planification du mariage sont inclus dans les frais de location de la salle de 3 000 \u20ac et Lily est disponible partout pour vous aider dans tous les aspects de votre planification et \u00e9galement pendant votre grand jour.<\/p>\n<\/div><\/div><\/div><div class=\"ea-card  sp-ea-single\"><h3 class=\"ea-header\"><a class=\"collapsed\" id=\"ea-header-2323\" data-sptoggle=\"spcollapse\" data-sptarget=\"#collapse2323\" aria-controls=\"collapse2323\" href=\"javascript:void(0)\"  aria-expanded=\"false\" tabindex=\"0\"><i class=\"ea-expand-icon ea-icon-expand-plus\"><\/i> Y a-t-il des frais de location de salle ?<\/a><\/h3><div class=\"sp-collapse spcollapse\" id=\"collapse2323\" data-parent=\"#sp-ea-232\" role=\"region\" aria-labelledby=\"ea-header-2323\"><div class=\"ea-body\"><p>Oui, afin de privatiser le restaurant et le bar de l'h\u00f4tel pour votre r\u00e9ception de mariage, y compris notre \u00e9quipe compl\u00e8te, nous facturons des frais de location de salle d'un montant total de 3 000 \u20ac et cela inclut les services de notre organisatrice de mariage Lily. Cela garantit que l\u2019ensemble du lieu et notre \u00e9quipe de personnel exp\u00e9riment\u00e9 sont disponibles exclusivement pour votre \u00e9v\u00e9nement.<\/p>\n<\/div><\/div><\/div><div class=\"ea-card  sp-ea-single\"><h3 class=\"ea-header\"><a class=\"collapsed\" id=\"ea-header-2324\" data-sptoggle=\"spcollapse\" data-sptarget=\"#collapse2324\" aria-controls=\"collapse2324\" href=\"javascript:void(0)\"  aria-expanded=\"false\" tabindex=\"0\"><i class=\"ea-expand-icon ea-icon-expand-plus\"><\/i> Pouvons-nous organiser notre c\u00e9r\u00e9monie de mariage \u00e0 l'h\u00f4tel ?<\/a><\/h3><div class=\"sp-collapse spcollapse\" id=\"collapse2324\" data-parent=\"#sp-ea-232\" role=\"region\" aria-labelledby=\"ea-header-2324\"><div class=\"ea-body\"><p>Absolument! Nous avons organis\u00e9 de nombreuses c\u00e9r\u00e9monies de toutes tailles ici \u00e0 l'H\u00f4tel du Lac et nous vous recommanderons un c\u00e9l\u00e9brant local pour entreprendre cette partie de votre journ\u00e9e en votre nom, si n\u00e9cessaire. Si le temps le permet, nous organiserons votre c\u00e9r\u00e9monie sur notre terrasse ensoleill\u00e9e surplombant le lac. Si le temps n'est pas si beau, c'est apr\u00e8s tout la montagne ! - nous organiserons l'installation de votre c\u00e9r\u00e9monie sur notre terrasse couverte. Les deux espaces peuvent accueillir confortablement jusqu'\u00e0 65 personnes.<\/p>\n<\/div><\/div><\/div><\/div><\/div>","protected":false},"excerpt":{"rendered":"<p>Nous sommes l\u00e0 pour vous aider\u00a0!<\/p>","protected":false},"author":1,"featured_media":0,"parent":0,"menu_order":0,"comment_status":"closed","ping_status":"closed","template":"templates\/template-fullwidth-narrow.php","meta":{"footnotes":""},"class_list":["post-233","page","type-page","status-publish","hentry"],"_links":{"self":[{"href":"https:\/\/morzineweddings.com\/fr\/wp-json\/wp\/v2\/pages\/233","targetHints":{"allow":["GET"]}}],"collection":[{"href":"https:\/\/morzineweddings.com\/fr\/wp-json\/wp\/v2\/pages"}],"about":[{"href":"https:\/\/morzineweddings.com\/fr\/wp-json\/wp\/v2\/types\/page"}],"author":[{"embeddable":true,"href":"https:\/\/morzineweddings.com\/fr\/wp-json\/wp\/v2\/users\/1"}],"replies":[{"embeddable":true,"href":"https:\/\/morzineweddings.com\/fr\/wp-json\/wp\/v2\/comments?post=233"}],"version-history":[{"count":5,"href":"https:\/\/morzineweddings.com\/fr\/wp-json\/wp\/v2\/pages\/233\/revisions"}],"predecessor-version":[{"id":262,"href":"https:\/\/morzineweddings.com\/fr\/wp-json\/wp\/v2\/pages\/233\/revisions\/262"}],"wp:attachment":[{"href":"https:\/\/morzineweddings.com\/fr\/wp-json\/wp\/v2\/media?parent=233"}],"curies":[{"name":"wp","href":"https:\/\/api.w.org\/{rel}","templated":true}]}}