{"id":229,"date":"2024-01-22T13:56:42","date_gmt":"2024-01-22T13:56:42","guid":{"rendered":"https:\/\/weddingsdulac.origami-media.com\/?page_id=229"},"modified":"2025-03-27T13:39:28","modified_gmt":"2025-03-27T13:39:28","slug":"extras","status":"publish","type":"page","link":"https:\/\/morzineweddings.com\/fr\/extras\/","title":{"rendered":"Suppl\u00e9ments"},"content":{"rendered":"<p>En tant qu\u2019organisateurs de mariage exp\u00e9riment\u00e9s, nous avons une longue liste d\u2019id\u00e9es et de suggestions pour vous aider \u00e0 rendre votre journ\u00e9e vraiment m\u00e9morable. Voici quelques suggestions, ainsi que les co\u00fbts associ\u00e9s. Notre objectif est de rendre votre occasion sp\u00e9ciale aussi personnelle et unique que possible.<\/p>\n\n\n\n<ul class=\"wp-block-list\">\n<li>Lake side ceremony- \u20ac500<\/li>\n\n\n\n<li>Evening food- Tartiflette, Mac and cheese or Pizza party (Price depending on food and numbers) <\/li>\n\n\n\n<li>Ajoutez un foyer \u2013 Rassemblez vos invit\u00e9s autour d\u2019un foyer dans le jardin de l\u2019h\u00f4tel au coucher du soleil (50 \u20ac) Pourquoi ne pas ajouter un bar \u00e0 smores avec des guimauves pour trinquer pour 5 \u20ac par personne<\/li>\n\n\n\n<li>Ajoutez un g\u00e2teau de mariage au fromage \u2013 Notre r\u00e9gion est c\u00e9l\u00e8bre pour ses fromages, nous cr\u00e9erons une belle tour de fromages pour le plaisir de vos invit\u00e9s (300 \u20ac)<\/li>\n\n\n\n<li>Hot Chocolate reception- Having a winter wedding and want to offer your guests a warm beverage after the ceremony (\u20ac5 pp)<\/li>\n\n\n\n<li>Ajoutez une table \u00e0 th\u00e9 et une table basse \u2013 Gardez tout le monde au frais tout au long de votre grand jour (2,50 \u20ac par personne)<\/li>\n\n\n\n<li>Portez un toast \u2013 Levez un verre \u00e0 l'heureux couple ! Ajoutez du cr\u00e9mant, du prosecco ou du champagne pour porter un toast (\u00e0 partir de 6 \u20ac par personne)<\/li>\n\n\n\n<li>Ajoutez un digestif local \u2013 Aucun petit-d\u00e9jeuner de mariage n'est complet sans une tourn\u00e9e de G\u00e9n\u00e9pi produit localement (\u00e0 partir de 6 \u20ac par personne)<\/li>\n\n\n\n<li>Ajoutez quelques jeux \u2013 Nous pr\u00e9parerons des jeux sur pelouse dans le jardin de l\u2019h\u00f4tel pour le plaisir de vos invit\u00e9s (75 \u20ac)<\/li>\n<\/ul>","protected":false},"excerpt":{"rendered":"<p>As experienced wedding plans, we&#8217;ve got a long list of ideas and suggestions to help make your day truly memorable. Here&#8217;s some suggestions, along with [&hellip;]<\/p>","protected":false},"author":1,"featured_media":0,"parent":0,"menu_order":0,"comment_status":"closed","ping_status":"closed","template":"","meta":{"footnotes":""},"class_list":["post-229","page","type-page","status-publish","hentry"],"_links":{"self":[{"href":"https:\/\/morzineweddings.com\/fr\/wp-json\/wp\/v2\/pages\/229","targetHints":{"allow":["GET"]}}],"collection":[{"href":"https:\/\/morzineweddings.com\/fr\/wp-json\/wp\/v2\/pages"}],"about":[{"href":"https:\/\/morzineweddings.com\/fr\/wp-json\/wp\/v2\/types\/page"}],"author":[{"embeddable":true,"href":"https:\/\/morzineweddings.com\/fr\/wp-json\/wp\/v2\/users\/1"}],"replies":[{"embeddable":true,"href":"https:\/\/morzineweddings.com\/fr\/wp-json\/wp\/v2\/comments?post=229"}],"version-history":[{"count":7,"href":"https:\/\/morzineweddings.com\/fr\/wp-json\/wp\/v2\/pages\/229\/revisions"}],"predecessor-version":[{"id":341,"href":"https:\/\/morzineweddings.com\/fr\/wp-json\/wp\/v2\/pages\/229\/revisions\/341"}],"wp:attachment":[{"href":"https:\/\/morzineweddings.com\/fr\/wp-json\/wp\/v2\/media?parent=229"}],"curies":[{"name":"wp","href":"https:\/\/api.w.org\/{rel}","templated":true}]}}