{"id":18,"date":"2021-08-03T12:32:00","date_gmt":"2021-08-03T12:32:00","guid":{"rendered":"https:\/\/www.cssigniter.com\/demos\/korina\/?page_id=18"},"modified":"2024-04-26T11:42:03","modified_gmt":"2024-04-26T11:42:03","slug":"home","status":"publish","type":"page","link":"https:\/\/morzineweddings.com\/fr\/","title":{"rendered":"Accueil"},"content":{"rendered":"<div class=\"wp-block-group alignfull\"><div class=\"wp-block-group__inner-container is-layout-flow wp-block-group-is-layout-flow\">\t\t<div id=\"maxslider-block-ba4938-bd\" class=\"wp-block-maxslider-slider maxslider-block-ba4938-bd\">\n\t\t\t<div\n\tid=\"maxslider-57\"\n\tclass=\"maxslider\"\n\tdata-autoslide=\"true\" data-effect=\"fade\" data-slide-speed=\"5000\" data-height=\"850\" data-height_unit=\"px\" data-navigation=\"arrows\" data-navigation_fg_color=\"#ffffff\" data-navigation_bg_color=\"rgba(0, 0, 0, 0)\" data-image_size=\"full\" data-arrows=\"1\" data-arrows_fg_color=\"#ffffff\" data-arrows_bg_color=\"rgba(0, 0, 0, 0)\" >\n\t\t<div class=\"maxslider-slide maxslider-57-slide-0\">\n\t\t<div class=\"maxslider-slide-content maxslider-align-center maxslider-align-middle\">\n\t\t\t<div class=\"maxslider-slide-content-pad\">\n\t\t\t\t\t\t\t\t\t<h3 class=\"maxslider-slide-title\">\n\t\t\t\t\t\tLac de Montriond\t\t\t\t\t<\/h3>\n\t\t\t\t\n\t\t\t\t\t\t\t\t\t<p class=\"maxslider-slide-subtitle\">\n\t\t\t\t\t\tVotre lieu de mariage id\u00e9al dans les Alpes fran\u00e7aises\t\t\t\t\t<\/p>\n\t\t\t\t\n\t\t\t\t\t\t\t\t\t<a href=\"https:\/\/morzineweddings.com\/fr\/enjoy-your-special-day\/\" class=\"maxslider-btn maxslider-btn-default\">\n\t\t\t\t\t\tD\u00e9couvrir plus\t\t\t\t\t<\/a>\n\t\t\t\t\t\t\t<\/div>\n\t\t<\/div>\n\t<\/div>\n\t<div class=\"maxslider-slide maxslider-57-slide-1\">\n\t\t<div class=\"maxslider-slide-content maxslider-align-center maxslider-align-middle\">\n\t\t\t<div class=\"maxslider-slide-content-pad\">\n\t\t\t\t\t\t\t\t\t<h3 class=\"maxslider-slide-title\">\n\t\t\t\t\t\tLac de Montriond\t\t\t\t\t<\/h3>\n\t\t\t\t\n\t\t\t\t\t\t\t\t\t<p class=\"maxslider-slide-subtitle\">\n\t\t\t\t\t\tVotre lieu de mariage id\u00e9al dans les Alpes fran\u00e7aises\t\t\t\t\t<\/p>\n\t\t\t\t\n\t\t\t\t\t\t\t\t\t<a href=\"https:\/\/morzineweddings.com\/fr\/enjoy-your-special-day\/\" class=\"maxslider-btn maxslider-btn-default\">\n\t\t\t\t\t\tD\u00e9couvrir plus\t\t\t\t\t<\/a>\n\t\t\t\t\t\t\t<\/div>\n\t\t<\/div>\n\t<\/div>\n\t<div class=\"maxslider-slide maxslider-57-slide-2\">\n\t\t<div class=\"maxslider-slide-content maxslider-align-center maxslider-align-middle\">\n\t\t\t<div class=\"maxslider-slide-content-pad\">\n\t\t\t\t\t\t\t\t\t<h3 class=\"maxslider-slide-title\">\n\t\t\t\t\t\tLac de Montriond\t\t\t\t\t<\/h3>\n\t\t\t\t\n\t\t\t\t\t\t\t\t\t<p class=\"maxslider-slide-subtitle\">\n\t\t\t\t\t\tVotre lieu de mariage id\u00e9al dans les Alpes fran\u00e7aises\t\t\t\t\t<\/p>\n\t\t\t\t\n\t\t\t\t\t\t\t\t\t<a href=\"https:\/\/morzineweddings.com\/fr\/enjoy-your-special-day\/\" class=\"maxslider-btn maxslider-btn-default\">\n\t\t\t\t\t\tD\u00e9couvrir plus\t\t\t\t\t<\/a>\n\t\t\t\t\t\t\t<\/div>\n\t\t<\/div>\n\t<\/div>\n<\/div>\n\t\t<\/div>\n\t\t\n\n\n<div class=\"wp-block-gutenbee-spacer block-5594eb-5b51-40\" aria-hidden=\"true\"><style>.wp-block-gutenbee-spacer.block-5594eb-5b51-40 { height: 40px; }\n\n\n      @media (max-width: 575px) {\n        .wp-block-gutenbee-spacer.block-5594eb-5b51-40 { height: 25px; }\n      }<\/style><div class=\"wp-block-gutenbee-spacer-background\" data-parallax-speed=\"0.3\"><\/div><\/div>\n<\/div><\/div>\n\n\n\n<div class=\"wp-block-media-text is-style-ignition-korina-animated-images\"><figure class=\"wp-block-media-text__media\"><img loading=\"lazy\" decoding=\"async\" width=\"683\" height=\"1024\" src=\"http:\/\/weddingsdulac.origami-media.com\/wp-content\/uploads\/2024\/01\/DSC0805s-683x1024.jpg\" alt=\"\" class=\"wp-image-243 size-full\" srcset=\"https:\/\/morzineweddings.com\/wp-content\/uploads\/2024\/01\/DSC0805s-683x1024.jpg 683w, https:\/\/morzineweddings.com\/wp-content\/uploads\/2024\/01\/DSC0805s-200x300.jpg 200w, https:\/\/morzineweddings.com\/wp-content\/uploads\/2024\/01\/DSC0805s-768x1152.jpg 768w, https:\/\/morzineweddings.com\/wp-content\/uploads\/2024\/01\/DSC0805s-1024x1536.jpg 1024w, https:\/\/morzineweddings.com\/wp-content\/uploads\/2024\/01\/DSC0805s-1366x2048.jpg 1366w, https:\/\/morzineweddings.com\/wp-content\/uploads\/2024\/01\/DSC0805s.jpg 1667w\" sizes=\"auto, (max-width: 683px) 100vw, 683px\" \/><\/figure><div class=\"wp-block-media-text__content\">\n<h3 class=\"wp-block-heading theme-animated-title\">C'est un secret...<\/h3>\n\n\n\n<p>Ayant planifi\u00e9 mon propre mariage dans les Alpes fran\u00e7aises, je sais \u00e0 quel point il peut \u00eatre difficile de trouver le lieu id\u00e9al. <strong>Je m'appelle Lily et je suis l'organisatrice de mariage d\u00e9di\u00e9e ici \u00e0 l'H\u00f4tel du Lac.<\/strong>, un h\u00f4tel priv\u00e9 situ\u00e9 au bord du lac de Montriond, \u00e0 mi-chemin entre Morzine et Avoriaz, en Haute Savoie dans les Alpes fran\u00e7aises.<\/p>\n\n\n\n<h6 class=\"wp-block-heading\">Ici, \u00e0 l'H\u00f4tel du Lac, nous organisons des mariages pour des groupes de diff\u00e9rentes tailles. <strong>de 50 convives \u00e0 65 convives. <\/strong><\/h6>\n\n\n\n<p>Sur ce site, j'esp\u00e8re partager quelques-uns <strong>des histoires de mariage inspirantes pour vous aider \u00e0 planifier votre propre grand jour<\/strong> \u00e0 l'H\u00f4tel du Lac ainsi que des informations utiles sur les co\u00fbts pr\u00e9cis impliqu\u00e9s. Tu peux <a href=\"mailto:events@lacdemontriond.com\" data-type=\"mailto\" data-id=\"mailto:events@lacdemontriond.com\" target=\"_blank\" rel=\"noreferrer noopener\">contactez moi<\/a> \u00e0 tout moment si vous souhaitez en savoir plus sur notre lieu de mariage id\u00e9al.<\/p>\n\n\n\n<div id=\"block-8d66f0-2fd1-43\" class=\"wp-block-gutenbee-buttons block-8d66f0-2fd1-43\"><style>.wp-block-gutenbee-buttons.block-8d66f0-2fd1-43 { justify-content: flex-start; }<\/style>\n<div id=\"block-a30e03-8ef3-47\" class=\"wp-block-gutenbee-button block-a30e03-8ef3-47\"><a href=\"https:\/\/dd013xvqak6.typeform.com\/to\/HrdElQBU\" target=\"_blank\" rel=\"noopener\" class=\"gutenbee-block-button-link\">Contactez-nous<\/a><\/div>\n<\/div>\n<\/div><\/div>\n\n\n\n<blockquote class=\"wp-block-quote has-text-align-left is-style-large is-layout-flow wp-block-quote-is-layout-flow\">\n<p>Que puis-je dire ! L\u2019H\u00f4tel du Lac a accueilli notre mariage l\u2019ann\u00e9e derni\u00e8re et je ne peux que dire \u00ab wow \u00bb. Ils \u00e9taient g\u00e9niaux. Je leur ai enti\u00e8rement laiss\u00e9 l'organisation et ils ont vraiment \u00e9t\u00e9 merveilleux, l'attention port\u00e9e aux d\u00e9tails \u00e9tait grande et ils m'ont vraiment aid\u00e9 \u00e0 apaiser mes inqui\u00e9tudes. Lily \u00e9tait particuli\u00e8rement gentille et m'a calm\u00e9 \u00e0 chaque \u00e9tape. Je recommande vivement cet h\u00f4tel \u00e0 chaque \u00e9tape. Ils ont fait de ma journ\u00e9e sp\u00e9ciale un moment inoubliable\u00a0! Merci!<\/p>\n<cite><strong>Sally &amp; Richard \u2013 Aout 2023<\/strong><\/cite><\/blockquote>\n\n\n\n<div class=\"wp-block-media-text is-style-ignition-korina-animated-images\"><figure class=\"wp-block-media-text__media\"><img loading=\"lazy\" decoding=\"async\" width=\"819\" height=\"1024\" src=\"http:\/\/weddingsdulac.origami-media.com\/wp-content\/uploads\/2023\/12\/DJI_0297-819x1024.jpg\" alt=\"\" class=\"wp-image-139 size-full\" srcset=\"https:\/\/morzineweddings.com\/wp-content\/uploads\/2023\/12\/DJI_0297-819x1024.jpg 819w, https:\/\/morzineweddings.com\/wp-content\/uploads\/2023\/12\/DJI_0297-240x300.jpg 240w, https:\/\/morzineweddings.com\/wp-content\/uploads\/2023\/12\/DJI_0297-768x960.jpg 768w, https:\/\/morzineweddings.com\/wp-content\/uploads\/2023\/12\/DJI_0297-1229x1536.jpg 1229w, https:\/\/morzineweddings.com\/wp-content\/uploads\/2023\/12\/DJI_0297-1639x2048.jpg 1639w, https:\/\/morzineweddings.com\/wp-content\/uploads\/2023\/12\/DJI_0297-scaled.jpg 2048w\" sizes=\"auto, (max-width: 819px) 100vw, 819px\" \/><\/figure><div class=\"wp-block-media-text__content\">\n<h3 class=\"wp-block-heading theme-animated-title\">Notre emplacement<\/h3>\n\n\n\n<p>\u00c9galement surnomm\u00e9 \u00ab le lac vert \u00bb, le Lac de Montriond est <strong>l'un des plus grands lacs naturels<\/strong> en Haute Savoie. Form\u00e9 il y a des milliers d'ann\u00e9es lorsqu'un \u00e9boulement de la montagne voisine de Nantaux a endigu\u00e9 une rivi\u00e8re, cr\u00e9ant un lac naturel rempli par la fonte des neiges printani\u00e8re, le lac de Montriond est aujourd'hui une destination touristique \u00e9poustouflante pour ceux qui aiment se d\u00e9tendre <strong>entour\u00e9 par la nature. <\/strong><a href=\"http:\/\/www.lacdemontriond.com\" data-type=\"link\" data-id=\"www.lacdemontriond.com\">H\u00f4tel du Lac<\/a> sits on the shores of the lake, overlooking its pristine green waters and beyond to the peaks of Avoriaz and the Portes du Soleil.<\/p>\n\n\n\n<div id=\"block-ab2624-f223-42\" class=\"wp-block-gutenbee-buttons block-ab2624-f223-42\"><style>.wp-block-gutenbee-buttons.block-ab2624-f223-42 { justify-content: flex-start; }<\/style>\n<div id=\"block-df0206-8145-4e\" class=\"wp-block-gutenbee-button block-df0206-8145-4e\"><a href=\"https:\/\/lacdemontriond.com\" target=\"_blank\" rel=\"noopener\" class=\"gutenbee-block-button-link\">Voir le site Web de notre h\u00f4tel<\/a><\/div>\n<\/div>\n<\/div><\/div>\n\n\n\n<blockquote class=\"wp-block-quote has-text-align-left is-style-large is-layout-flow wp-block-quote-is-layout-flow\">\n<p>L\u2019H\u00f4tel du Lac n\u2019est pas qu\u2019un h\u00f4tel, c\u2019est un havre pittoresque nich\u00e9 dans les montagnes avec une vue imprenable sur le lac. Notre exp\u00e9rience\u00a0\u00e0 l'H\u00f4tel du Lac a d\u00e9pass\u00e9 toutes les attentes, un grand merci \u00e0 tout le personnel de l'h\u00f4tel et merci \u00e0 Lily d'avoir rendu notre journ\u00e9e encore plus sp\u00e9ciale. La nourriture \u00e9tait hors du commun, nos invit\u00e9s disent encore \u00e0 quel point tout \u00e9tait d\u00e9licieux.<\/p>\n<cite>Gemma &amp; Scott \u2013 Juin 2023<\/cite><\/blockquote>\n\n\n\n<div class=\"wp-block-media-text is-style-ignition-korina-animated-images\"><figure class=\"wp-block-media-text__media\"><img loading=\"lazy\" decoding=\"async\" width=\"819\" height=\"1024\" src=\"http:\/\/weddingsdulac.origami-media.com\/wp-content\/uploads\/2023\/12\/DSC3250-819x1024.jpg\" alt=\"\" class=\"wp-image-133 size-full\" srcset=\"https:\/\/morzineweddings.com\/wp-content\/uploads\/2023\/12\/DSC3250-819x1024.jpg 819w, https:\/\/morzineweddings.com\/wp-content\/uploads\/2023\/12\/DSC3250-240x300.jpg 240w, https:\/\/morzineweddings.com\/wp-content\/uploads\/2023\/12\/DSC3250-768x960.jpg 768w, https:\/\/morzineweddings.com\/wp-content\/uploads\/2023\/12\/DSC3250-1229x1536.jpg 1229w, https:\/\/morzineweddings.com\/wp-content\/uploads\/2023\/12\/DSC3250-1638x2048.jpg 1638w, https:\/\/morzineweddings.com\/wp-content\/uploads\/2023\/12\/DSC3250-scaled.jpg 2048w\" sizes=\"auto, (max-width: 819px) 100vw, 819px\" \/><\/figure><div class=\"wp-block-media-text__content\">\n<h3 class=\"wp-block-heading theme-animated-title\">Notre lieu<\/h3>\n\n\n\n<p>L'H\u00f4tel du Lac est disponible \u00e0 la r\u00e9servation sur un <strong>usage priv\u00e9 \/ exclusif<\/strong> base pour votre mariage de r\u00eave \u00e0 la montagne. Il y a <strong>20 chambres modulables <\/strong>\u00e0 l'h\u00f4tel, allant des chambres doubles et lits jumeaux aux suites familiales. Notre capacit\u00e9 pour une c\u00e9l\u00e9bration de mariage est <strong>65 personnes<\/strong>, avec des \u00e9v\u00e9nements d'\u00e9t\u00e9 se d\u00e9roulant g\u00e9n\u00e9ralement sur notre belle terrasse ensoleill\u00e9e et des mariages d'hiver dans notre confortable espace restaurant. Il y a aussi un joli coin salon et des salles de massage pour que votre f\u00eate de mariage puisse en profiter exclusivement.<\/p>\n\n\n\n<div id=\"block-7707fa-dc14-44\" class=\"wp-block-gutenbee-buttons block-7707fa-dc14-44\"><style>.wp-block-gutenbee-buttons.block-7707fa-dc14-44 { justify-content: flex-start; }<\/style>\n<div id=\"block-9c63c1-8171-4d\" class=\"wp-block-gutenbee-button block-9c63c1-8171-4d\"><a href=\"https:\/\/weddingsdulac.origami-media.com\/faqs\/\" class=\"gutenbee-block-button-link\">Consultez la FAQ sur nos sites<\/a><\/div>\n<\/div>\n<\/div><\/div>\n\n\n\n<blockquote class=\"wp-block-quote has-text-align-left is-style-large is-layout-flow wp-block-quote-is-layout-flow\">\n<p>Nous avons pass\u00e9 le week-end le plus m\u00e9morable avec tous nos amis et notre famille. La nourriture et les cocktails \u00e9taient hors de ce monde et tous nos invit\u00e9s l'ont appr\u00e9ci\u00e9, m\u00eame les options v\u00e9g\u00e9tariennes \u00e9taient d\u00e9licieuses. L'h\u00f4tel est un endroit tellement sp\u00e9cial nich\u00e9 dans les montagnes avec une vue sur le lac, c'est absolument magnifique.&nbsp;<\/p>\n<cite>Kaz &amp; Lee \u2013 Juin 2023<\/cite><\/blockquote>\n\n\n\n<div class=\"wp-block-media-text is-style-ignition-korina-animated-images\"><figure class=\"wp-block-media-text__media\"><img loading=\"lazy\" decoding=\"async\" width=\"683\" height=\"1024\" src=\"http:\/\/weddingsdulac.origami-media.com\/wp-content\/uploads\/2023\/12\/DSC1474-683x1024.jpg\" alt=\"\" class=\"wp-image-146 size-full\" srcset=\"https:\/\/morzineweddings.com\/wp-content\/uploads\/2023\/12\/DSC1474-683x1024.jpg 683w, https:\/\/morzineweddings.com\/wp-content\/uploads\/2023\/12\/DSC1474-200x300.jpg 200w, https:\/\/morzineweddings.com\/wp-content\/uploads\/2023\/12\/DSC1474-768x1152.jpg 768w, https:\/\/morzineweddings.com\/wp-content\/uploads\/2023\/12\/DSC1474-1024x1536.jpg 1024w, https:\/\/morzineweddings.com\/wp-content\/uploads\/2023\/12\/DSC1474-1365x2048.jpg 1365w, https:\/\/morzineweddings.com\/wp-content\/uploads\/2023\/12\/DSC1474-scaled.jpg 1707w\" sizes=\"auto, (max-width: 683px) 100vw, 683px\" \/><\/figure><div class=\"wp-block-media-text__content\">\n<h3 class=\"wp-block-heading theme-animated-title\">Votre organisateur de mariage<\/h3>\n\n\n\n<p>Mon service d'organisation de mariage fait partie de votre forfait mariage ici \u00e0 l'H\u00f4tel du Lac. J'utilise mes connaissances locales pour vous proposer des recommandations de fleuristes locaux, de musiciens et de DJ de mariage, de photographes et vid\u00e9astes, de transports de mariage, d'activit\u00e9s avant et apr\u00e8s le mariage et bien plus encore pour vous aider \u00e0 planifier l'\u00e9v\u00e9nement le plus m\u00e9morable de votre vie. J'ai travaill\u00e9 plusieurs fois avec tous les meilleurs fournisseurs de mariage locaux, je travaillerai avec vous pour planifier chaque \u00e9l\u00e9ment de votre \u00e9v\u00e9nement.<\/p>\n\n\n\n<div id=\"block-d9a777-51fc-41\" class=\"wp-block-gutenbee-buttons block-d9a777-51fc-41\"><style>.wp-block-gutenbee-buttons.block-d9a777-51fc-41 { justify-content: flex-start; }<\/style>\n<div id=\"block-3b528c-5fc4-42\" class=\"wp-block-gutenbee-button block-3b528c-5fc4-42\"><a href=\"https:\/\/dd013xvqak6.typeform.com\/to\/HrdElQBU?\" target=\"_blank\" rel=\"noopener\" class=\"gutenbee-block-button-link\">Parlez-nous de votre mariage<\/a><\/div>\n<\/div>\n<\/div><\/div>\n\n\n\n<div class=\"wp-block-gutenbee-spacer block-bf50d0-eeb5-4e gutenbee-hidden-mobile\" aria-hidden=\"true\"><style>.wp-block-gutenbee-spacer.block-bf50d0-eeb5-4e { height: 80px; }\n\n\n      @media (max-width: 575px) {\n        .wp-block-gutenbee-spacer.block-bf50d0-eeb5-4e { height: 40px; }\n      }<\/style><div class=\"wp-block-gutenbee-spacer-background\" data-parallax-speed=\"0.3\"><\/div><\/div>","protected":false},"excerpt":{"rendered":"<p>What can I say! Hotel du Lac hosted our wedding last year and I can only say \u2018wow\u2019.&nbsp; They were amazing. The organisation I left [&hellip;]<\/p>","protected":false},"author":1,"featured_media":0,"parent":0,"menu_order":0,"comment_status":"closed","ping_status":"closed","template":"templates\/template-fullwidth-boxed.php","meta":{"footnotes":""},"class_list":["post-18","page","type-page","status-publish","hentry"],"_links":{"self":[{"href":"https:\/\/morzineweddings.com\/fr\/wp-json\/wp\/v2\/pages\/18","targetHints":{"allow":["GET"]}}],"collection":[{"href":"https:\/\/morzineweddings.com\/fr\/wp-json\/wp\/v2\/pages"}],"about":[{"href":"https:\/\/morzineweddings.com\/fr\/wp-json\/wp\/v2\/types\/page"}],"author":[{"embeddable":true,"href":"https:\/\/morzineweddings.com\/fr\/wp-json\/wp\/v2\/users\/1"}],"replies":[{"embeddable":true,"href":"https:\/\/morzineweddings.com\/fr\/wp-json\/wp\/v2\/comments?post=18"}],"version-history":[{"count":47,"href":"https:\/\/morzineweddings.com\/fr\/wp-json\/wp\/v2\/pages\/18\/revisions"}],"predecessor-version":[{"id":331,"href":"https:\/\/morzineweddings.com\/fr\/wp-json\/wp\/v2\/pages\/18\/revisions\/331"}],"wp:attachment":[{"href":"https:\/\/morzineweddings.com\/fr\/wp-json\/wp\/v2\/media?parent=18"}],"curies":[{"name":"wp","href":"https:\/\/api.w.org\/{rel}","templated":true}]}}