{"id":164,"date":"2024-01-15T13:54:20","date_gmt":"2024-01-15T13:54:20","guid":{"rendered":"https:\/\/weddingsdulac.origami-media.com\/?page_id=164"},"modified":"2026-01-06T11:46:20","modified_gmt":"2026-01-06T11:46:20","slug":"package-1-la-foret","status":"publish","type":"page","link":"https:\/\/morzineweddings.com\/fr\/package-1-la-foret\/","title":{"rendered":"La For\u00eat"},"content":{"rendered":"<h6 class=\"wp-block-heading\">Starting price <strong>\u20ac94 per person<\/strong>, include the following elements:<\/h6>\n\n\n\n<ul class=\"wp-block-list\">\n<li>Repas avant le mariage, plateaux \u00e0 partager en libre-service pour le plaisir de vos invit\u00e9s<\/li>\n\n\n\n<li>Une entr\u00e9e \u00e0 l'assiette de votre choix<\/li>\n\n\n\n<li>Un plat principal au choix comprenant service familial l\u00e9gumes\/accompagnements<\/li>\n\n\n\n<li>A dessert <\/li>\n\n\n\n<li>Une demi-carafe (375 ml) de vin maison rouge, blanc ou ros\u00e9 par personne<\/li>\n<\/ul>\n\n\n\n<h4 class=\"wp-block-heading\">Location de salle et planification de mariage<\/h4>\n\n\n\n<p>En plus du forfait menu, nous facturons des frais de location de salle et d'organisation de mariage de 3 000 \u20ac. Cela privatise pour vous tout l'h\u00f4tel, y compris toutes les chambres (qui sont pay\u00e9es s\u00e9par\u00e9ment) et toute notre \u00e9quipe. Ces frais incluent \u00e9galement les services d'un organisateur de mariage d\u00e9di\u00e9 qui travaillera avec vous tout au long du processus de planification \u2013 et pendant votre \u00e9v\u00e9nement \u2013 pour s'assurer que tout se d\u00e9roule sans probl\u00e8me. <\/p>\n\n\n\n<h4 class=\"wp-block-heading\">Le menu<\/h4>\n\n\n\n<h6 class=\"wp-block-heading\"><strong>Canap\u00e9s<\/strong><\/h6>\n\n\n\n<p>Nous avons cr\u00e9\u00e9 une d\u00e9licieuse liste de canap\u00e9s que vos invit\u00e9s pourront d\u00e9guster lors de votre ap\u00e9ritif apr\u00e8s la c\u00e9r\u00e9monie ou pendant que vos photos sont en cours. <strong>Ils sont au prix de 3,50\u20ac pi\u00e8ce <\/strong>et nous recommandons g\u00e9n\u00e9ralement une moyenne de trois canap\u00e9s par invit\u00e9.<\/p>\n\n\n\n<div class=\"wp-block-columns is-layout-flex wp-container-core-columns-is-layout-9d6595d7 wp-block-columns-is-layout-flex\">\n<div class=\"wp-block-column is-layout-flow wp-block-column-is-layout-flow\">\n<ul class=\"wp-block-list\">\n<li>Asian Pork Belly Bites <\/li>\n\n\n\n<li>Cheese Gougers  <\/li>\n\n\n\n<li>Salmon Rillette (GF) <\/li>\n\n\n\n<li>Mushroom Rillette (GF,DF*,V,VG*) \u00a0 <\/li>\n\n\n\n<li>Brie &amp; Candies Walnut Crostini\u2019s (GF*,V) \u00a0 <\/li>\n<\/ul>\n<\/div>\n\n\n\n<div class=\"wp-block-column is-layout-flow wp-block-column-is-layout-flow\">\n<ul class=\"wp-block-list\">\n<li>Broadbean Falafels (GF,DF,V,VG) &nbsp; <\/li>\n\n\n\n<li>Pork &amp; Black Pudding Sausage Rolls &nbsp; <\/li>\n\n\n\n<li>Olive Tapenade Pinwheels (V) &nbsp; <\/li>\n\n\n\n<li>Tomato Tartare Crostini \u2018s (GF*,DF,V,VG) &nbsp; <\/li>\n\n\n\n<li>Onion Bhaji\u2019s (DF,GF,V,VG*)&nbsp;<\/li>\n<\/ul>\n<\/div>\n<\/div>\n\n\n\n<h6 class=\"wp-block-heading\"><strong>Partager des tableaux<\/strong><\/h6>\n\n\n\n<p>Avec fromages et charcuteries r\u00e9gionaux, houmous, rillettes de saumon, rillettes de champignons, pain, gressins et olives<\/p>\n\n\n\n<h6 class=\"wp-block-heading\"><strong>Entr\u00e9es<\/strong><\/h6>\n\n\n\n<p>Vous s\u00e9lectionnerez une entr\u00e9e dans la liste suivante pour tous vos invit\u00e9s<br><em>*Remarque : nous pouvons \u00e9galement organiser une entr\u00e9e suppl\u00e9mentaire pour convenir aux v\u00e9g\u00e9tariens de votre groupe ou aux personnes allergiques.<\/em><\/p>\n\n\n\n<ul class=\"wp-block-list\">\n<li><strong>Soup of the moment<\/strong> &amp; Accompaniment (GF,DF,V,VG)<\/li>\n\n\n\n<li><strong>Chicken Liver Parfait,<\/strong> House Made Chutney, House Made Focaccia (GF)<\/li>\n\n\n\n<li><strong>Salmon Rillette (GF)&nbsp; \/Mushroom Rillette<\/strong>, Cucumber Salad, Mixed Pickles, Hand Made Focaccia (GF,DF*,V,VG*)<\/li>\n<\/ul>\n\n\n\n<h6 class=\"wp-block-heading\">Plats Principaux<\/h6>\n\n\n\n<p>Served sharing style (Choose one meat and one veggie) <\/p>\n\n\n\n<p>Roasted Chicken Supreme(GF\/DF)\/ Pork Echine (GF\/DF)\/ Cauliflower (GF,DF,V,VG) <\/p>\n\n\n\n<p>Served With: Honey + Orange Glazed Carrots, Seasonal Greens, Fondant Potatoes &amp; Port Jus<\/p>\n\n\n\n<h6 class=\"wp-block-heading\">Desserts<\/h6>\n\n\n\n<p>Your choice of one dessert from the following list.<\/p>\n\n\n\n<ul class=\"wp-block-list\">\n<li>Tiramisu aux sp\u00e9culoos<\/li>\n\n\n\n<li>White Chocolate &amp; Wild Berry Cheesecake<\/li>\n<\/ul>\n\n\n\n<p><\/p>","protected":false},"excerpt":{"rendered":"<p>Starting price \u20ac94 per person, include the following elements: Venue Hire &amp; Wedding Planning In addition to the menu package we charge a \u20ac3000 venue [&hellip;]<\/p>","protected":false},"author":1,"featured_media":0,"parent":0,"menu_order":0,"comment_status":"closed","ping_status":"closed","template":"","meta":{"footnotes":""},"class_list":["post-164","page","type-page","status-publish","hentry"],"_links":{"self":[{"href":"https:\/\/morzineweddings.com\/fr\/wp-json\/wp\/v2\/pages\/164","targetHints":{"allow":["GET"]}}],"collection":[{"href":"https:\/\/morzineweddings.com\/fr\/wp-json\/wp\/v2\/pages"}],"about":[{"href":"https:\/\/morzineweddings.com\/fr\/wp-json\/wp\/v2\/types\/page"}],"author":[{"embeddable":true,"href":"https:\/\/morzineweddings.com\/fr\/wp-json\/wp\/v2\/users\/1"}],"replies":[{"embeddable":true,"href":"https:\/\/morzineweddings.com\/fr\/wp-json\/wp\/v2\/comments?post=164"}],"version-history":[{"count":23,"href":"https:\/\/morzineweddings.com\/fr\/wp-json\/wp\/v2\/pages\/164\/revisions"}],"predecessor-version":[{"id":350,"href":"https:\/\/morzineweddings.com\/fr\/wp-json\/wp\/v2\/pages\/164\/revisions\/350"}],"wp:attachment":[{"href":"https:\/\/morzineweddings.com\/fr\/wp-json\/wp\/v2\/media?parent=164"}],"curies":[{"name":"wp","href":"https:\/\/api.w.org\/{rel}","templated":true}]}}